{"id":847,"date":"2025-02-15T21:05:51","date_gmt":"2025-02-15T21:05:51","guid":{"rendered":"https:\/\/rochdalepetanque.com\/?page_id=847"},"modified":"2025-02-15T21:55:46","modified_gmt":"2025-02-15T21:55:46","slug":"competitive-events","status":"publish","type":"page","link":"https:\/\/rochdalepetanque.com\/index.php\/competitive-events\/","title":{"rendered":"Competitive Events"},"content":{"rendered":"\n<p>If you would like to play in competitions there may be some membership requirements, these are listed below.<\/p>\n\n\n\n<p><strong>Rochdale Boules League:<\/strong><br>The league is played from April to October, against teams from the Rochdale area, with the addition in 2024 of a team from Trafford who for this league are based at Milnrow. Players at Milnrow Cricket Club must be Rochdale P\u00e9tanque Club members with Cricket Club Membership.<\/p>\n\n\n\n<p>Current teams are:<br>Rochdale P\u00e9tanque \u2013 Milnrow Cricket Club<br>Milton &#8211; Milnrow Cricket Club<br>Last of the Summer Wine &#8211; Milnrow Cricket Club<br>Trafford P\u00e9tanque &#8211; Milnrow Cricket Club<br>The Healey &#8211; The Healey Pub<br>The Dell Boys -The Healey Pub<br>Bamford Bowling \u2013 Bamford Bowling Club<br>The Donkey \u2013 The Donkey Pub<\/p>\n\n\n\n<p><\/p>\n\n\n\n<p><strong>The Rochdale Cup:<\/strong><br>This competition is annually. Teams from around Rochdale, Trafford, Huddersfield, Heckmondwike and Ripponden take part in this competition.<br>Rochdale P\u00e9tanque members can take part in this event<\/p>\n\n\n\n<p><\/p>\n\n\n\n<p><strong>Pennine League:<\/strong><br>The league is between four clubs from around the Pennines,<br>Rochdale P\u00e9tanque<br>Trafford Petanque<br>Huddersfield P\u00e9tanque<br>Heckmondwike P\u00e9tanque<\/p>\n\n\n\n<p>In 2025 a Championship Cup Melle was introduced so that as many players from each club could take part, this runs alongside the main league games.<br>Members of Rochdale P\u00e9tanque qualify to take part in this league if they wish to do so<\/p>\n\n\n\n<p><\/p>\n\n\n\n<p><strong>P\u00e9tanque North West Events:<\/strong><br>Members of Rochdale P\u00e9tanque qualify to take part in PNW events through Rochdale P\u00e9tanque Club membership.<br>Individual membership is also available for players not affiliated with a club.<\/p>\n\n\n\n<p><\/p>\n\n\n\n<p><strong>P\u00e9tanque England Euro Cup:<\/strong><br>In this competition teams are drawn firstly against other teams in their region or where there are no other teams, a region close to them, winning\/qualifying teams then go through to play against a qualifying team in the closest region to them progressing through rounds and regions.<\/p>\n\n\n\n<p>Teams that do not win\/qualify for the next round in the Euro Cup go into the Euro Plate draw which is played in much the same way.<\/p>\n\n\n\n<p>A separate membership is required through P\u00e9tanque England, which also gives you membership to P\u00e9tanque North West, you must name the club that you wish to be affiliated with i.e Rochdale P\u00e9tanque.<br>We currently have two teams in the 24\/25 Euro Competition<\/p>\n","protected":false},"excerpt":{"rendered":"<p>If you would like to play in competitions there may be some membership requirements, these are listed below. Rochdale Boules League:The league is played from April to October, against teams &hellip; <\/p>\n<p class=\"link-more\"><a href=\"https:\/\/rochdalepetanque.com\/index.php\/competitive-events\/\" class=\"more-link\">Read more<span class=\"screen-reader-text\"> &#8220;Competitive Events&#8221;<\/span><\/a><\/p>\n","protected":false},"author":2,"featured_media":0,"parent":0,"menu_order":0,"comment_status":"closed","ping_status":"closed","template":"","meta":{"footnotes":""},"class_list":["post-847","page","type-page","status-publish","hentry"],"_links":{"self":[{"href":"https:\/\/rochdalepetanque.com\/index.php\/wp-json\/wp\/v2\/pages\/847","targetHints":{"allow":["GET"]}}],"collection":[{"href":"https:\/\/rochdalepetanque.com\/index.php\/wp-json\/wp\/v2\/pages"}],"about":[{"href":"https:\/\/rochdalepetanque.com\/index.php\/wp-json\/wp\/v2\/types\/page"}],"author":[{"embeddable":true,"href":"https:\/\/rochdalepetanque.com\/index.php\/wp-json\/wp\/v2\/users\/2"}],"replies":[{"embeddable":true,"href":"https:\/\/rochdalepetanque.com\/index.php\/wp-json\/wp\/v2\/comments?post=847"}],"version-history":[{"count":6,"href":"https:\/\/rochdalepetanque.com\/index.php\/wp-json\/wp\/v2\/pages\/847\/revisions"}],"predecessor-version":[{"id":858,"href":"https:\/\/rochdalepetanque.com\/index.php\/wp-json\/wp\/v2\/pages\/847\/revisions\/858"}],"wp:attachment":[{"href":"https:\/\/rochdalepetanque.com\/index.php\/wp-json\/wp\/v2\/media?parent=847"}],"curies":[{"name":"wp","href":"https:\/\/api.w.org\/{rel}","templated":true}]}}